{"id":427,"date":"2024-11-06T09:29:23","date_gmt":"2024-11-06T09:29:23","guid":{"rendered":"http:\/\/fundaciosantjoaquim.org\/?page_id=427"},"modified":"2024-11-06T09:34:01","modified_gmt":"2024-11-06T09:34:01","slug":"condiciones-generales","status":"publish","type":"page","link":"https:\/\/fundaciosantjoaquim.org\/es\/condiciones-generales\/","title":{"rendered":"Condiciones Generales"},"content":{"rendered":"<h2 style=\"text-align: center;\">Condiciones Generales de Contrataci\u00f3n<\/h2>\n<h3><strong>Titular y condiciones generales de contrataci\u00f3n<\/strong><\/h3>\n<p><span style=\"font-weight: 400;\">Las presentes Condiciones Generales de Contrataci\u00f3n, en adelante, CGC, regulan las condiciones de compra de los distintos productos ofertados en la p\u00e1gina web <strong>www.fundaciosantjoaquim.org<\/strong> titularidad de <\/span><strong>FUNDACI\u00d3 PRIVADA SANT JOAQUIM<\/strong><span style=\"font-weight: 400;\">, con CIF <\/span><strong>G08651317<\/strong><span style=\"font-weight: 400;\"> y domicilio en <strong>CAMI RAL 338-340, 08301 (MATAR\u00d3).<\/strong><\/span><\/p>\n<p><span style=\"font-weight: 400;\">Los usuarios que realicen compras en www.arrelsfundacio.org aceptan plenamente las presentes CGC y quedar\u00e1n vinculados por \u00e9stas tal y como estuvieren redactadas en el momento de la contrataci\u00f3n. Ser\u00e1 requisito indispensable la lectura y aceptaci\u00f3n de las CGC con car\u00e1cter previo a la compra de cualquier producto a trav\u00e9s de <strong>www.fundaciosantjoaquim.org<\/strong><\/span><\/p>\n<p><strong>FUNDACI\u00d3 PRIVADA SANT JOAQUIM<\/strong><span style=\"font-weight: 400;\"> se reserva el derecho a modificar las CGC, en cualquier momento y sin previo aviso. Las CGC estar\u00e1n siempre accesibles desde la p\u00e1gina web, para que el usuario pueda consultarlas o imprimirlas en cualquier momento.<\/span><\/p>\n<p><span style=\"font-weight: 400;\">S\u00f3lo podr\u00e1n adquirir productos <strong>www.fundaciosantjoaquim.org<\/strong> los mayores de 18 a\u00f1os con capacidad suficiente para contratar.<\/span><\/p>\n<h3><strong>Procedimiento de compra<\/strong><\/h3>\n<p><span style=\"font-weight: 400;\">El proceso de compra es muy sencillo, tanto si es la primera vez que se compra en www.fundaciosantjoaquim.org como si ya ha comprado con anterioridad, puesto que no se requiere ning\u00fan registro previo.<\/span><\/p>\n<p><strong>DESCRIPCI\u00d3N PROCEDIMIENTO DE COMPRA<\/strong><\/p>\n<p><span style=\"font-weight: 400;\">1) <strong>ESCOGE<\/strong>: Se escoge el importe que se quiere donar (IVA incluido).<\/span><\/p>\n<p><span style=\"font-weight: 400;\">2) <strong>COMPRA<\/strong>, para finalizar la compra:<\/span><\/p>\n<p><span style=\"font-weight: 400;\">\u00a0 \u00a0 \u00a0 \u00a0 \u00a0 \u00a0 \u00a0-Se le pedir\u00e1 que complete un formulario con datos de facturaci\u00f3n.<\/span><\/p>\n<p><span style=\"font-weight: 400;\">\u00a0 \u00a0 \u00a0 \u00a0 \u00a0 \u00a0 \u00a0&#8211; Podr\u00e1 hacer el pago con tarjeta, bizum o transferencia bancaria.<\/span><\/p>\n<p><span style=\"font-weight: 400;\">3) <strong>CONFIRMACI\u00d3N<\/strong><\/span><\/p>\n<p><span style=\"font-weight: 400;\">Al finalizar la donaci\u00f3n, se enviar\u00e1 un correo electr\u00f3nico confirmando la recepci\u00f3n de la misma y especificando todos los detalles del pedido, como por ejemplo la forma de pago elegida. Si se observa que hay un error en cualquier punto de la donaci\u00f3n, agradecer\u00edamos nos lo notificara inmediatamente a <\/span><a href=\"mailto:info@fundaciosantjoaquim.org\"><span style=\"font-weight: 400;\">info@fundaciosantjoaquim.org<\/span><\/a><span style=\"font-weight: 400;\"> para proceder a corregir el error.<\/span><\/p>\n<h3><strong>Precios<\/strong><\/h3>\n<p><span style=\"font-weight: 400;\">Todos los precios indicados en la p\u00e1gina web, son con IVA incluido.\u00a0<\/span><\/p>\n<p><strong>FUNDACI\u00d3 PRIVADA SANT JOAQUIM<\/strong><span style=\"font-weight: 400;\"> se reserva el derecho de modificar los precios en cualquier momento, respetando siempre el precio indicado en el momento de la compra.<\/span><\/p>\n<h3><strong>Formas de pago<\/strong><\/h3>\n<p><span style=\"font-weight: 400;\">\u00a0 \u00a0 \u00a0 \u00a0 \u00a0 -Pago mediante tarjeta de cr\u00e9dito, transferecia o Bizum<\/span><\/p>\n<p><span style=\"font-weight: 400;\">\u00a0 \u00a0 \u00a0 \u00a0 \u00a0 -Pago mediante tarjeta de cr\u00e9dito o tarjeta de d\u00e9bito<\/span><\/p>\n<p><span style=\"font-weight: 400;\">El cliente puede elegir el pago mediante tarjeta de cr\u00e9dito, tarjeta de d\u00e9bito, transferencia o Bizum, realiz\u00e1ndose la operaci\u00f3n en el momento de realizaci\u00f3n del pedido.<\/span><\/p>\n<p><span style=\"font-weight: 400;\">En <\/span><a href=\"http:\/\/fundaciosantjoaquim.org\"><span style=\"font-weight: 400;\">www.fundaciosantjoaquim.org<\/span><\/a><span style=\"font-weight: 400;\"> se utiliza el sistema denominado SSL (Secure Sockets Layer), sistema de pago en un entorno seguro puesto que permite el cifrado de la informaci\u00f3n transmitida durante la transacci\u00f3n, asegurando la confidencialidad de la misma.<\/span><\/p>\n<p><span style=\"font-weight: 400;\">Como medida de protecci\u00f3n frente al fraude, <\/span><strong>FUNDACI\u00d3 PRIVADA SANT JOAQUIM<\/strong><span style=\"font-weight: 400;\"> podr\u00eda solicitar mediante un correo electr\u00f3nico a los clientes el env\u00edo de documentaci\u00f3n adicional para certificar la identidad del comprador como propietario l\u00edcito de la tarjeta de cr\u00e9dito. Esta acreditaci\u00f3n podr\u00e1 adjuntarse de manera digital en formato pdf o jpg en el mismo correo electr\u00f3nico en el cual se solicite.<\/span><\/p>\n<h3><strong>Devoluciones y cambios; derecho de desistimiento<\/strong><\/h3>\n<h3><strong>Devoluci\u00f3n<\/strong><\/h3>\n<p><span style=\"font-weight: 400;\">Si por cualquier motivo no queda satisfecho (simplemente el producto no es lo que esperaba o no le gusta), procederemos a la devoluci\u00f3n del dinero.\u00a0<\/span><\/p>\n<p><span style=\"font-weight: 400;\">No se admitir\u00e1n devoluciones en los siguientes casos:<\/span><\/p>\n<p><span style=\"font-weight: 400;\">\u00a0 \u00a0 \u00a0 \u00a0 \u00a0 -ha transcurrido el plazo establecido al efecto<\/span><\/p>\n<p><span style=\"font-weight: 400;\">\u00a0 \u00a0 \u00a0 \u00a0 \u00a0 -no se aporta el justificante de compra o factura<\/span><\/p>\n<p><span style=\"font-weight: 400;\">El reembolso se realizar\u00e1 en la modalidad de pago elegida. <strong>FUNDACI\u00d3 PRIVADA SANT JOAQUIM<\/strong> LE ENVIAR\u00c0 UN CORREO CON EL AVISO.<\/span><\/p>\n<h3><strong>Desistimiento<\/strong><\/h3>\n<p><span style=\"font-weight: 400;\">El consumidor y usuario tendr\u00e1 derecho a desistir del contrato durante un periodo de 14 d\u00edas naturales sin indicar el motivo y sin incurrir en ning\u00fan coste distinto a los gastos de devoluci\u00f3n, que ser\u00e1n de cuenta del consumidor.<\/span><\/p>\n<p><span style=\"font-weight: 400;\">Dispondr\u00e1 de un plazo de 14 d\u00edas naturales para realizar la devoluci\u00f3n o desistimiento, sin tener que indicar el motivo, a contar desde la recepci\u00f3n del pedido para lo cual podr\u00e1 comunicarlo mediante nuestro formulario de derecho de desistimiento o bien realizar otro tipo de declaraci\u00f3n inequ\u00edvoca en la que se\u00f1ale su decisi\u00f3n de desistir del contrato, dentro de dicho plazo a <strong>FUNDACI\u00d3 PRIVADA SANT JOAQUIM\u00a0 <\/strong><\/span><strong>info@fundaciosantjoaquim.org<\/strong><span style=\"font-weight: 400;\"> en cuyo caso le recordamos que la carga de la prueba del ejercicio del derecho de desistimiento recaer\u00e1 en el consumidor y usuario.<\/span><\/p>\n<p><span style=\"font-weight: 400;\">En caso de desistimiento por su parte, le devolveremos el dinero en su caso cobrado, sin ning\u00fan coste adicional (exceptuando los gastos de entrega) sin demoras indebidas y, en cualquier caso, antes de que hayan transcurrido 14 d\u00edas naturales desde la fecha en que hayamos tenido conocimiento de su decisi\u00f3n de desistimiento del contrato. No obstante, podremos retener el reembolso hasta haber recibido los bienes o hasta que presente una prueba de la devoluci\u00f3n de los bienes, seg\u00fan qu\u00e9 condici\u00f3n se cumpla primero.<\/span><\/p>\n<p><span style=\"font-weight: 400;\">Transcurrido ese plazo sin haber comunicado la voluntad de desistimiento, no se admitir\u00e1 ning\u00fan cambio o devoluci\u00f3n.<\/span><\/p>\n<p><span style=\"font-weight: 400;\">No se podr\u00e1 desistir del contrato en los siguientes supuestos, entre otros (art\u00edculo 103 Real Decreto Legislativo 1\/2007, de 16 de noviembre, por el que se aprueba el texto refundido de la Ley General para la Defensa de los Consumidores y Usuarios):<\/span><\/p>\n<p><span style=\"font-weight: 400;\">\u00a0 \u00a0 \u00a0 \u00a0 \u00a0-El suministro de bienes confeccionados conforme a las especificaciones del consumidor y usuario o claramente personalizados.<\/span><\/p>\n<p><span style=\"font-weight: 400;\">\u00a0 \u00a0 \u00a0 \u00a0 \u00a0-El suministro de bienes que puedan deteriorarse o caducar con rapidez.<\/span><\/p>\n<p><span style=\"font-weight: 400;\">\u00a0 \u00a0 \u00a0 \u00a0 \u00a0-El suministro de bienes precintados que no sean aptos para ser devueltos por razones de protecci\u00f3n de la salud o de higiene y que hayan sido desprecintados tras la entrega.<\/span><\/p>\n<h3><strong>Protecci\u00f3n de datos de car\u00e1cter personal<\/strong><\/h3>\n<p><span style=\"font-weight: 400;\">De conformidad con lo establecido en la normativa de protecci\u00f3n de datos de car\u00e1cter personal, le informamos que los datos que voluntariamente nos facilite a la hora de realizar cualquier compra, pasar\u00e1n a formar parte de un fichero titularidad de <strong>FUNDACI\u00d3 PRIVADA SANT JOAQUIM<\/strong>, con la finalidad de gestionar su compra, env\u00edo, servicio postventa y atenci\u00f3n al cliente. Adem\u00e1s, le enviaremos peri\u00f3dicamente informaci\u00f3n sobre ofertas de nuestros productos.<\/span><\/p>\n<p><span style=\"font-weight: 400;\">La base del tratamiento de los datos es la ejecuci\u00f3n de un contrato. Los datos se conservar\u00e1n como m\u00ednimo conforme lo establecido en las normativas tributaria y mercantil y en todo caso mientras no solicite su supresi\u00f3n.<\/span><\/p>\n<p><span style=\"font-weight: 400;\">Podr\u00e1 ejercitar los derechos de acceso, rectificaci\u00f3n, supresi\u00f3n, oposici\u00f3n, portabilidad y limitaci\u00f3n, as\u00ed como en su caso revocar el consentimiento, por correo electr\u00f3nico a <strong>info@fundaciosantjoaquim.org<\/strong> especificando en el asunto \u201c<strong>PROTECCI\u00d3N DE DATOS<\/strong>\u201d o bien por correo ordinario a <strong>CAMI RAL 338-340, 08301 (MATAR\u00d3)<\/strong>. Le informamos de su derecho de presentar una reclamaci\u00f3n ante las autoridades de protecci\u00f3n de datos.<\/span><\/p>\n<p><span style=\"font-weight: 400;\">Agradecer\u00edamos mantuviese sus datos personales actualizados, para que <strong>FUNDACI\u00d3 PRIVADA SANT JOAQUIM<\/strong> pueda cumplir con su obligaci\u00f3n de mantenerlos exactos y puestos al d\u00eda.<\/span><\/p>\n<p><span style=\"font-weight: 400;\">El usuario se compromete a facilitar datos veraces y relativos a su persona, asumiendo cualquier tipo de responsabilidad en cuanto a la inexactitud de los datos y\/o manipulaci\u00f3n de datos relativos a terceras personas, ya que<strong> FUNDACI\u00d3 PRIVADA SANT JOAQUIM<\/strong> presumir\u00e1 que los datos han sido facilitados por el titular de los mismos y que son exactos y veraces.<\/span><\/p>\n<h3><strong>Jurisdicci\u00f3n<\/strong><\/h3>\n<p><span style=\"font-weight: 400;\">Las presentes CGC se rigen por la legislaci\u00f3n espa\u00f1ola.<\/span><\/p>\n<p><span style=\"font-weight: 400;\">Para resolver cualquier controversia o conflicto derivado de la compra de productos en www.fundaciosantjoaquim.org, las partes acuerdan someterse a los juzgados o tribunales de BARCELONA, renunciando ambas partes a cualquier fuero o jurisdicci\u00f3n a la que pudieran tener derecho, salvo fuero imperativo en el caso de consumidores y usuarios, en cuyo caso el fuero competente ser\u00e1 el correspondiente a su domicilio.<\/span><\/p>\n<p>&nbsp;<\/p>\n","protected":false},"excerpt":{"rendered":"<p>Condiciones Generales de Contrataci\u00f3n Titular y condiciones generales de contrataci\u00f3n Las presentes Condiciones Generales de Contrataci\u00f3n, en adelante, CGC, regulan las condiciones de compra de los distintos productos ofertados en la p\u00e1gina web www.fundaciosantjoaquim.org titularidad de FUNDACI\u00d3 PRIVADA SANT JOAQUIM, con CIF G08651317 y domicilio en CAMI RAL 338-340, 08301 (MATAR\u00d3). Los usuarios que realicen [&hellip;]<\/p>\n","protected":false},"author":1,"featured_media":0,"parent":0,"menu_order":0,"comment_status":"closed","ping_status":"closed","template":"","meta":{"footnotes":""},"class_list":["post-427","page","type-page","status-publish","hentry"],"yoast_head":"<!-- This site is optimized with the Yoast SEO plugin v27.4 - https:\/\/yoast.com\/product\/yoast-seo-wordpress\/ -->\n<title>Condiciones Generales - Fundaci\u00f3 Sant Joaquim<\/title>\n<meta name=\"robots\" content=\"index, follow, max-snippet:-1, max-image-preview:large, max-video-preview:-1\" \/>\n<link rel=\"canonical\" href=\"https:\/\/fundaciosantjoaquim.org\/es\/condiciones-generales\/\" \/>\n<meta property=\"og:locale\" content=\"es_ES\" \/>\n<meta property=\"og:type\" content=\"article\" \/>\n<meta property=\"og:title\" content=\"Condiciones Generales - Fundaci\u00f3 Sant Joaquim\" \/>\n<meta property=\"og:description\" content=\"Condiciones Generales de Contrataci\u00f3n Titular y condiciones generales de contrataci\u00f3n Las presentes Condiciones Generales de Contrataci\u00f3n, en adelante, CGC, regulan las condiciones de compra de los distintos productos ofertados en la p\u00e1gina web www.fundaciosantjoaquim.org titularidad de FUNDACI\u00d3 PRIVADA SANT JOAQUIM, con CIF G08651317 y domicilio en CAMI RAL 338-340, 08301 (MATAR\u00d3). Los usuarios que realicen [&hellip;]\" \/>\n<meta property=\"og:url\" content=\"https:\/\/fundaciosantjoaquim.org\/es\/condiciones-generales\/\" \/>\n<meta property=\"og:site_name\" content=\"Fundaci\u00f3 Sant Joaquim\" \/>\n<meta property=\"article:modified_time\" content=\"2024-11-06T09:34:01+00:00\" \/>\n<meta name=\"twitter:card\" content=\"summary_large_image\" \/>\n<meta name=\"twitter:label1\" content=\"Tiempo de lectura\" \/>\n\t<meta name=\"twitter:data1\" content=\"6 minutos\" \/>\n<script type=\"application\/ld+json\" class=\"yoast-schema-graph\">{\"@context\":\"https:\\\/\\\/schema.org\",\"@graph\":[{\"@type\":\"WebPage\",\"@id\":\"https:\\\/\\\/fundaciosantjoaquim.org\\\/es\\\/condiciones-generales\\\/\",\"url\":\"https:\\\/\\\/fundaciosantjoaquim.org\\\/es\\\/condiciones-generales\\\/\",\"name\":\"Condiciones Generales - Fundaci\u00f3 Sant Joaquim\",\"isPartOf\":{\"@id\":\"https:\\\/\\\/fundaciosantjoaquim.org\\\/es\\\/#website\"},\"datePublished\":\"2024-11-06T09:29:23+00:00\",\"dateModified\":\"2024-11-06T09:34:01+00:00\",\"breadcrumb\":{\"@id\":\"https:\\\/\\\/fundaciosantjoaquim.org\\\/es\\\/condiciones-generales\\\/#breadcrumb\"},\"inLanguage\":\"es\",\"potentialAction\":[{\"@type\":\"ReadAction\",\"target\":[\"https:\\\/\\\/fundaciosantjoaquim.org\\\/es\\\/condiciones-generales\\\/\"]}]},{\"@type\":\"BreadcrumbList\",\"@id\":\"https:\\\/\\\/fundaciosantjoaquim.org\\\/es\\\/condiciones-generales\\\/#breadcrumb\",\"itemListElement\":[{\"@type\":\"ListItem\",\"position\":1,\"name\":\"Portada\",\"item\":\"https:\\\/\\\/fundaciosantjoaquim.org\\\/es\\\/\"},{\"@type\":\"ListItem\",\"position\":2,\"name\":\"Condiciones Generales\"}]},{\"@type\":\"WebSite\",\"@id\":\"https:\\\/\\\/fundaciosantjoaquim.org\\\/es\\\/#website\",\"url\":\"https:\\\/\\\/fundaciosantjoaquim.org\\\/es\\\/\",\"name\":\"Fundaci\u00f3 Sant Joaquim\",\"description\":\"\",\"potentialAction\":[{\"@type\":\"SearchAction\",\"target\":{\"@type\":\"EntryPoint\",\"urlTemplate\":\"https:\\\/\\\/fundaciosantjoaquim.org\\\/es\\\/?s={search_term_string}\"},\"query-input\":{\"@type\":\"PropertyValueSpecification\",\"valueRequired\":true,\"valueName\":\"search_term_string\"}}],\"inLanguage\":\"es\"}]}<\/script>\n<!-- \/ Yoast SEO plugin. -->","yoast_head_json":{"title":"Condiciones Generales - Fundaci\u00f3 Sant Joaquim","robots":{"index":"index","follow":"follow","max-snippet":"max-snippet:-1","max-image-preview":"max-image-preview:large","max-video-preview":"max-video-preview:-1"},"canonical":"https:\/\/fundaciosantjoaquim.org\/es\/condiciones-generales\/","og_locale":"es_ES","og_type":"article","og_title":"Condiciones Generales - Fundaci\u00f3 Sant Joaquim","og_description":"Condiciones Generales de Contrataci\u00f3n Titular y condiciones generales de contrataci\u00f3n Las presentes Condiciones Generales de Contrataci\u00f3n, en adelante, CGC, regulan las condiciones de compra de los distintos productos ofertados en la p\u00e1gina web www.fundaciosantjoaquim.org titularidad de FUNDACI\u00d3 PRIVADA SANT JOAQUIM, con CIF G08651317 y domicilio en CAMI RAL 338-340, 08301 (MATAR\u00d3). Los usuarios que realicen [&hellip;]","og_url":"https:\/\/fundaciosantjoaquim.org\/es\/condiciones-generales\/","og_site_name":"Fundaci\u00f3 Sant Joaquim","article_modified_time":"2024-11-06T09:34:01+00:00","twitter_card":"summary_large_image","twitter_misc":{"Tiempo de lectura":"6 minutos"},"schema":{"@context":"https:\/\/schema.org","@graph":[{"@type":"WebPage","@id":"https:\/\/fundaciosantjoaquim.org\/es\/condiciones-generales\/","url":"https:\/\/fundaciosantjoaquim.org\/es\/condiciones-generales\/","name":"Condiciones Generales - Fundaci\u00f3 Sant Joaquim","isPartOf":{"@id":"https:\/\/fundaciosantjoaquim.org\/es\/#website"},"datePublished":"2024-11-06T09:29:23+00:00","dateModified":"2024-11-06T09:34:01+00:00","breadcrumb":{"@id":"https:\/\/fundaciosantjoaquim.org\/es\/condiciones-generales\/#breadcrumb"},"inLanguage":"es","potentialAction":[{"@type":"ReadAction","target":["https:\/\/fundaciosantjoaquim.org\/es\/condiciones-generales\/"]}]},{"@type":"BreadcrumbList","@id":"https:\/\/fundaciosantjoaquim.org\/es\/condiciones-generales\/#breadcrumb","itemListElement":[{"@type":"ListItem","position":1,"name":"Portada","item":"https:\/\/fundaciosantjoaquim.org\/es\/"},{"@type":"ListItem","position":2,"name":"Condiciones Generales"}]},{"@type":"WebSite","@id":"https:\/\/fundaciosantjoaquim.org\/es\/#website","url":"https:\/\/fundaciosantjoaquim.org\/es\/","name":"Fundaci\u00f3 Sant Joaquim","description":"","potentialAction":[{"@type":"SearchAction","target":{"@type":"EntryPoint","urlTemplate":"https:\/\/fundaciosantjoaquim.org\/es\/?s={search_term_string}"},"query-input":{"@type":"PropertyValueSpecification","valueRequired":true,"valueName":"search_term_string"}}],"inLanguage":"es"}]}},"_links":{"self":[{"href":"https:\/\/fundaciosantjoaquim.org\/es\/wp-json\/wp\/v2\/pages\/427","targetHints":{"allow":["GET"]}}],"collection":[{"href":"https:\/\/fundaciosantjoaquim.org\/es\/wp-json\/wp\/v2\/pages"}],"about":[{"href":"https:\/\/fundaciosantjoaquim.org\/es\/wp-json\/wp\/v2\/types\/page"}],"author":[{"embeddable":true,"href":"https:\/\/fundaciosantjoaquim.org\/es\/wp-json\/wp\/v2\/users\/1"}],"replies":[{"embeddable":true,"href":"https:\/\/fundaciosantjoaquim.org\/es\/wp-json\/wp\/v2\/comments?post=427"}],"version-history":[{"count":4,"href":"https:\/\/fundaciosantjoaquim.org\/es\/wp-json\/wp\/v2\/pages\/427\/revisions"}],"predecessor-version":[{"id":429,"href":"https:\/\/fundaciosantjoaquim.org\/es\/wp-json\/wp\/v2\/pages\/427\/revisions\/429"}],"wp:attachment":[{"href":"https:\/\/fundaciosantjoaquim.org\/es\/wp-json\/wp\/v2\/media?parent=427"}],"curies":[{"name":"wp","href":"https:\/\/api.w.org\/{rel}","templated":true}]}}